{"id":10,"date":"2024-01-01T21:32:37","date_gmt":"2024-01-01T20:32:37","guid":{"rendered":"https:\/\/metais-immobilier.com\/?page_id=10"},"modified":"2024-02-19T12:56:38","modified_gmt":"2024-02-19T11:56:38","slug":"contact","status":"publish","type":"page","link":"https:\/\/metais-immobilier.com\/en\/contact\/","title":{"rendered":"Contact"},"content":{"rendered":"<!DOCTYPE html PUBLIC \"-\/\/W3C\/\/DTD HTML 4.0 Transitional\/\/EN\" \"http:\/\/www.w3.org\/TR\/REC-html40\/loose.dtd\">\n<html><head>\n<\/head><body><p class=\"translation-block\">To get in touch, please complete the form below.<br>We will respond to you as soon as possible.<\/p>\n\n\n    <form id=\"ajax-form\" class=\"ajax-form mt-6\" action=\"\">\r\n\r\n        <input type=\"hidden\" id=\"ajax-form-nonce\" name=\"ajax-form-nonce\" value=\"ea0b43bb24\"><input type=\"hidden\" name=\"_wp_http_referer\" value=\"\/en\/wp-json\/wp\/v2\/pages\/10\">\r\n        <div class=\"field\">\r\n            <label class=\"label\">First name *<\/label>\r\n            <div class=\"control\">\r\n                <input class=\"input required\" type=\"text\" name=\"prenom\" id=\"prenom\" placeholder=\"Your first name\">\r\n            <\/div>\r\n        <\/div>\r\n\r\n        <div class=\"field\">\r\n            <label class=\"label\">Name *<\/label>\r\n            <div class=\"control\">\r\n                <input class=\"input required\" type=\"text\" name=\"nom\" id=\"nom\" placeholder=\"Your name\">\r\n            <\/div>\r\n        <\/div>\r\n\r\n        <div class=\"field\">\r\n            <label class=\"label\">Phone *<\/label>\r\n            <div class=\"control\">\r\n                <input class=\"input required\" type=\"text\" name=\"telephone\" id=\"telephone\" placeholder=\"Your phone number\">\r\n            <\/div>\r\n        <\/div>\r\n\r\n        <div class=\"field\">\r\n            <label class=\"label\">E-mail *<\/label>\r\n            <div class=\"control\">\r\n                <input class=\"input required\" type=\"email\" name=\"email\" id=\"email\" placeholder=\"Your e-mail\">\r\n            <\/div>\r\n        <\/div>\r\n        \r\n        <!-- HoneyPot -->\r\n        <input class=\"input is-hidden\" type=\"text\" name=\"questionsecrete\" id=\"questionsecrete\" placeholder=\"Secret question\">\r\n\r\n        <div class=\"field\">\r\n            <label class=\"label\">Subject<\/label>\r\n            <div class=\"control is-expanded\">\r\n                <div class=\"select is-fullwidth\">\r\n                    <select name=\"sujet\" id=\"sujet\">\r\n                        <option>Information request<\/option>\r\n                        <option>Make an appointment<\/option>                        \r\n                        <option>Be remembered<\/option>\r\n                    <\/select>\r\n                <\/div>\r\n            <\/div>\r\n        <\/div>\r\n\r\n        <div class=\"field\">\r\n            <label class=\"label\">Message<\/label>\r\n            <div class=\"control\">\r\n                <textarea class=\"textarea\" name=\"message\" id=\"message\" placeholder=\"Your message\"><\/textarea>\r\n            <\/div>\r\n        <\/div>\r\n\r\n        <div class=\"field\">\r\n            <div id=\"ajax_response\"><\/div>\r\n        <\/div>\r\n\r\n        <div class=\"field\">\r\n            <div class=\"control\">\r\n                <label class=\"checkbox\">\r\n                    <input type=\"checkbox\" name=\"rgpd\" id=\"rgpd\">\r\n                    I agree that the information entered will be used to contact me *<br>Check out our <a href=\"https:\/\/metais-immobilier.com\/en\/politique-de-confidentialite\/\" target=\"blank\">conditions of use of data<\/a>\r\n                <\/label>\r\n            <\/div>\r\n        <\/div>\r\n\r\n        <div class=\"field\">\r\n            <button class=\"button is-primary px-5\">SEND<\/button>\r\n        <\/div>\r\n\r\n    <input type=\"hidden\" name=\"trp-form-language\" value=\"en\"\/><\/form>\r\n    \n<\/body><\/html>","protected":false},"excerpt":{"rendered":"<p class=\"translation-block\">To get in touch, please complete the form below.<br>We will respond to you as soon as possible.<\/p>","protected":false},"author":1,"featured_media":202,"parent":0,"menu_order":0,"comment_status":"closed","ping_status":"closed","template":"","meta":{"_acf_changed":false,"footnotes":""},"class_list":["post-10","page","type-page","status-publish","has-post-thumbnail","hentry"],"acf":[],"yoast_head":"<!-- This site is optimized with the Yoast SEO plugin v27.4 - https:\/\/yoast.com\/product\/yoast-seo-wordpress\/ -->\n<title>Contactez le Cabinet M\u00c9TAIS-BERTRAND<\/title>\n<meta name=\"description\" content=\"Besoin d&#039;aide pour vos projets immobiliers dans le Val de Loire ? Contactez-nous d\u00e8s maintenant pour une assistance experte et personnalis\u00e9e !\" \/>\n<meta name=\"robots\" content=\"index, follow, max-snippet:-1, max-image-preview:large, max-video-preview:-1\" \/>\n<link rel=\"canonical\" href=\"https:\/\/metais-immobilier.com\/en\/contact\/\" \/>\n<meta property=\"og:locale\" content=\"en_GB\" \/>\n<meta property=\"og:type\" content=\"article\" \/>\n<meta property=\"og:title\" content=\"Contactez le Cabinet M\u00c9TAIS-BERTRAND\" \/>\n<meta property=\"og:description\" content=\"Besoin d&#039;aide pour vos projets immobiliers dans le Val de Loire ? Contactez-nous d\u00e8s maintenant pour une assistance experte et personnalis\u00e9e !\" \/>\n<meta property=\"og:url\" content=\"https:\/\/metais-immobilier.com\/en\/contact\/\" \/>\n<meta property=\"og:site_name\" content=\"Cabinet M\u00c9TAIS-BERTRAND\" \/>\n<meta property=\"article:modified_time\" content=\"2024-02-19T11:56:38+00:00\" \/>\n<meta property=\"og:image\" content=\"https:\/\/metais-immobilier.com\/wp-content\/uploads\/chambord.jpg\" \/>\n\t<meta property=\"og:image:width\" content=\"1920\" \/>\n\t<meta property=\"og:image:height\" content=\"1280\" \/>\n\t<meta property=\"og:image:type\" content=\"image\/jpeg\" \/>\n<meta name=\"twitter:card\" content=\"summary_large_image\" \/>\n<meta name=\"twitter:label1\" content=\"Estimated reading time\" \/>\n\t<meta name=\"twitter:data1\" content=\"1 minute\" \/>\n<script type=\"application\/ld+json\" class=\"yoast-schema-graph\">{\"@context\":\"https:\\\/\\\/schema.org\",\"@graph\":[{\"@type\":[\"WebPage\",\"ContactPage\"],\"@id\":\"https:\\\/\\\/metais-immobilier.com\\\/contact\\\/\",\"url\":\"https:\\\/\\\/metais-immobilier.com\\\/contact\\\/\",\"name\":\"Contactez le Cabinet M\u00c9TAIS-BERTRAND\",\"isPartOf\":{\"@id\":\"https:\\\/\\\/metais-immobilier.com\\\/#website\"},\"primaryImageOfPage\":{\"@id\":\"https:\\\/\\\/metais-immobilier.com\\\/contact\\\/#primaryimage\"},\"image\":{\"@id\":\"https:\\\/\\\/metais-immobilier.com\\\/contact\\\/#primaryimage\"},\"thumbnailUrl\":\"https:\\\/\\\/metais-immobilier.com\\\/wp-content\\\/uploads\\\/chambord.jpg\",\"datePublished\":\"2024-01-01T20:32:37+00:00\",\"dateModified\":\"2024-02-19T11:56:38+00:00\",\"description\":\"Besoin d'aide pour vos projets immobiliers dans le Val de Loire ? Contactez-nous d\u00e8s maintenant pour une assistance experte et personnalis\u00e9e !\",\"inLanguage\":\"en-GB\",\"potentialAction\":[{\"@type\":\"ReadAction\",\"target\":[\"https:\\\/\\\/metais-immobilier.com\\\/contact\\\/\"]}]},{\"@type\":\"ImageObject\",\"inLanguage\":\"en-GB\",\"@id\":\"https:\\\/\\\/metais-immobilier.com\\\/contact\\\/#primaryimage\",\"url\":\"https:\\\/\\\/metais-immobilier.com\\\/wp-content\\\/uploads\\\/chambord.jpg\",\"contentUrl\":\"https:\\\/\\\/metais-immobilier.com\\\/wp-content\\\/uploads\\\/chambord.jpg\",\"width\":1920,\"height\":1280,\"caption\":\"Chambord\"},{\"@type\":\"WebSite\",\"@id\":\"https:\\\/\\\/metais-immobilier.com\\\/#website\",\"url\":\"https:\\\/\\\/metais-immobilier.com\\\/\",\"name\":\"Cabinet M\u00c9TAIS-BERTRAND\",\"description\":\"Agence immobili\u00e8re sp\u00e9cialis\u00e9e dans la vente de Ch\u00e2teaux, Propri\u00e9t\u00e9s, Maisons de Caract\u00e8re, Moulins, Vignobles et For\u00eats en Val de Loire\",\"publisher\":{\"@id\":\"https:\\\/\\\/metais-immobilier.com\\\/#organization\"},\"potentialAction\":[{\"@type\":\"SearchAction\",\"target\":{\"@type\":\"EntryPoint\",\"urlTemplate\":\"https:\\\/\\\/metais-immobilier.com\\\/?s={search_term_string}\"},\"query-input\":{\"@type\":\"PropertyValueSpecification\",\"valueRequired\":true,\"valueName\":\"search_term_string\"}}],\"inLanguage\":\"en-GB\"},{\"@type\":\"Organization\",\"@id\":\"https:\\\/\\\/metais-immobilier.com\\\/#organization\",\"name\":\"Cabinet M\u00c9TAIS-BERTRAND\",\"url\":\"https:\\\/\\\/metais-immobilier.com\\\/\",\"logo\":{\"@type\":\"ImageObject\",\"inLanguage\":\"en-GB\",\"@id\":\"https:\\\/\\\/metais-immobilier.com\\\/#\\\/schema\\\/logo\\\/image\\\/\",\"url\":\"https:\\\/\\\/metais-immobilier.com\\\/wp-content\\\/uploads\\\/logo-cabinet-Metais-Bertrand.svg\",\"contentUrl\":\"https:\\\/\\\/metais-immobilier.com\\\/wp-content\\\/uploads\\\/logo-cabinet-Metais-Bertrand.svg\",\"width\":678,\"height\":171,\"caption\":\"Cabinet M\u00c9TAIS-BERTRAND\"},\"image\":{\"@id\":\"https:\\\/\\\/metais-immobilier.com\\\/#\\\/schema\\\/logo\\\/image\\\/\"}}]}<\/script>\n<!-- \/ Yoast SEO plugin. -->","yoast_head_json":{"title":"Contactez le Cabinet M\u00c9TAIS-BERTRAND","description":"Besoin d'aide pour vos projets immobiliers dans le Val de Loire ? Contactez-nous d\u00e8s maintenant pour une assistance experte et personnalis\u00e9e !","robots":{"index":"index","follow":"follow","max-snippet":"max-snippet:-1","max-image-preview":"max-image-preview:large","max-video-preview":"max-video-preview:-1"},"canonical":"https:\/\/metais-immobilier.com\/en\/contact\/","og_locale":"en_GB","og_type":"article","og_title":"Contactez le Cabinet M\u00c9TAIS-BERTRAND","og_description":"Besoin d'aide pour vos projets immobiliers dans le Val de Loire ? Contactez-nous d\u00e8s maintenant pour une assistance experte et personnalis\u00e9e !","og_url":"https:\/\/metais-immobilier.com\/en\/contact\/","og_site_name":"Cabinet M\u00c9TAIS-BERTRAND","article_modified_time":"2024-02-19T11:56:38+00:00","og_image":[{"width":1920,"height":1280,"url":"https:\/\/metais-immobilier.com\/wp-content\/uploads\/chambord.jpg","type":"image\/jpeg"}],"twitter_card":"summary_large_image","twitter_misc":{"Estimated reading time":"1 minute"},"schema":{"@context":"https:\/\/schema.org","@graph":[{"@type":["WebPage","ContactPage"],"@id":"https:\/\/metais-immobilier.com\/contact\/","url":"https:\/\/metais-immobilier.com\/contact\/","name":"Contactez le Cabinet M\u00c9TAIS-BERTRAND","isPartOf":{"@id":"https:\/\/metais-immobilier.com\/#website"},"primaryImageOfPage":{"@id":"https:\/\/metais-immobilier.com\/contact\/#primaryimage"},"image":{"@id":"https:\/\/metais-immobilier.com\/contact\/#primaryimage"},"thumbnailUrl":"https:\/\/metais-immobilier.com\/wp-content\/uploads\/chambord.jpg","datePublished":"2024-01-01T20:32:37+00:00","dateModified":"2024-02-19T11:56:38+00:00","description":"Besoin d'aide pour vos projets immobiliers dans le Val de Loire ? Contactez-nous d\u00e8s maintenant pour une assistance experte et personnalis\u00e9e !","inLanguage":"en-GB","potentialAction":[{"@type":"ReadAction","target":["https:\/\/metais-immobilier.com\/contact\/"]}]},{"@type":"ImageObject","inLanguage":"en-GB","@id":"https:\/\/metais-immobilier.com\/contact\/#primaryimage","url":"https:\/\/metais-immobilier.com\/wp-content\/uploads\/chambord.jpg","contentUrl":"https:\/\/metais-immobilier.com\/wp-content\/uploads\/chambord.jpg","width":1920,"height":1280,"caption":"Chambord"},{"@type":"WebSite","@id":"https:\/\/metais-immobilier.com\/#website","url":"https:\/\/metais-immobilier.com\/","name":"Cabinet M\u00c9TAIS-BERTRAND","description":"Real estate agency specializing in the sale of Castles, Properties, Houses of Character, Mills, Vineyards and Forests in the Loire Valley","publisher":{"@id":"https:\/\/metais-immobilier.com\/#organization"},"potentialAction":[{"@type":"SearchAction","target":{"@type":"EntryPoint","urlTemplate":"https:\/\/metais-immobilier.com\/?s={search_term_string}"},"query-input":{"@type":"PropertyValueSpecification","valueRequired":true,"valueName":"search_term_string"}}],"inLanguage":"en-GB"},{"@type":"Organization","@id":"https:\/\/metais-immobilier.com\/#organization","name":"Cabinet M\u00c9TAIS-BERTRAND","url":"https:\/\/metais-immobilier.com\/","logo":{"@type":"ImageObject","inLanguage":"en-GB","@id":"https:\/\/metais-immobilier.com\/#\/schema\/logo\/image\/","url":"https:\/\/metais-immobilier.com\/wp-content\/uploads\/logo-cabinet-Metais-Bertrand.svg","contentUrl":"https:\/\/metais-immobilier.com\/wp-content\/uploads\/logo-cabinet-Metais-Bertrand.svg","width":678,"height":171,"caption":"Cabinet M\u00c9TAIS-BERTRAND"},"image":{"@id":"https:\/\/metais-immobilier.com\/#\/schema\/logo\/image\/"}}]}},"_links":{"self":[{"href":"https:\/\/metais-immobilier.com\/en\/wp-json\/wp\/v2\/pages\/10","targetHints":{"allow":["GET"]}}],"collection":[{"href":"https:\/\/metais-immobilier.com\/en\/wp-json\/wp\/v2\/pages"}],"about":[{"href":"https:\/\/metais-immobilier.com\/en\/wp-json\/wp\/v2\/types\/page"}],"author":[{"embeddable":true,"href":"https:\/\/metais-immobilier.com\/en\/wp-json\/wp\/v2\/users\/1"}],"replies":[{"embeddable":true,"href":"https:\/\/metais-immobilier.com\/en\/wp-json\/wp\/v2\/comments?post=10"}],"version-history":[{"count":16,"href":"https:\/\/metais-immobilier.com\/en\/wp-json\/wp\/v2\/pages\/10\/revisions"}],"predecessor-version":[{"id":348,"href":"https:\/\/metais-immobilier.com\/en\/wp-json\/wp\/v2\/pages\/10\/revisions\/348"}],"wp:featuredmedia":[{"embeddable":true,"href":"https:\/\/metais-immobilier.com\/en\/wp-json\/wp\/v2\/media\/202"}],"wp:attachment":[{"href":"https:\/\/metais-immobilier.com\/en\/wp-json\/wp\/v2\/media?parent=10"}],"curies":[{"name":"wp","href":"https:\/\/api.w.org\/{rel}","templated":true}]}}