{"id":216,"date":"2024-01-10T18:37:04","date_gmt":"2024-01-10T17:37:04","guid":{"rendered":"https:\/\/metais-immobilier.com\/?page_id=216"},"modified":"2024-02-20T11:10:53","modified_gmt":"2024-02-20T10:10:53","slug":"mentions-legales","status":"publish","type":"page","link":"https:\/\/metais-immobilier.com\/en\/mentions-legales\/","title":{"rendered":"Legal mentions"},"content":{"rendered":"<!DOCTYPE html PUBLIC \"-\/\/W3C\/\/DTD HTML 4.0 Transitional\/\/EN\" \"http:\/\/www.w3.org\/TR\/REC-html40\/loose.dtd\">\n<html><head>\n<\/head><body><p>Under Article 6 of Law No. 2004-575 of June 21, 2004 for confidence in the digital economy, users of the site are informed of the identity of the various participants in the context of its creation and its follow-up.<\/p>\n\n\n\n<h2 class=\"wp-block-heading title has-text-primary\">Site owner and editor<\/h2>\n\n\n\n<div class=\"wp-block-columns is-layout-flex wp-container-core-columns-is-layout-9d6595d7 wp-block-columns-is-layout-flex\">\n<div class=\"wp-block-column is-layout-flow wp-block-column-is-layout-flow\" style=\"flex-basis:66.66%\">\n<p>SARL CABINET METAIS-BERTRAND<br>SARL au capital de 7622,45 &euro;<br>15 rue de La Lamproie &ndash; 37 500 CHINON<br>T&eacute;l.&nbsp;<strong>: <\/strong><a href=\"tel:+330247931838\">02 47 93 18 38<\/a><\/p>\n\n\n\n<p>RCS TOURS B 389 023 003<br>N&deg; TVA intracommunautaire: FR 3838902300300038<br>Carte professionnelle n&deg; CPI 3701 2018 000 027 766 d&eacute;livr&eacute;e par la CCI de Touraine.<\/p>\n\n\n\n<p>The SARL CABINET METAIS-BERTRAND is guaranteed, for its activity of transactions on buildings and business funds with handling of funds, by the Soci\u00e9t\u00e9 de Caution Mutuelle des Professions Immobili\u00e8res et financiers (SO.CA.F \u2013 26 avenue de Suffren \u2013 75015 PARIS).<\/p>\n\n\n\n<p>D&eacute;claration CNIL : n&deg; 1142096<\/p>\n<\/div>\n\n\n\n<div class=\"wp-block-column is-vertically-aligned-center is-layout-flow wp-block-column-is-layout-flow\" style=\"flex-basis:33.33%\">\n<figure class=\"wp-block-image size-medium\"><img decoding=\"async\" src=\"http:\/\/localhost\/WWW\/METAIS_IMMO\/www\/wp-content\/uploads\/logo-agent_immobilier-246x300.jpg\" alt=\"\" class=\"wp-image-376\"><\/figure>\n<\/div>\n<\/div>\n\n\n\n<h2 class=\"wp-block-heading title has-text-primary\">Publication director<\/h2>\n\n\n\n<p>Christophe BERTRAND<br>15 rue de La Lamproie &ndash; 37 500 CHINON<br>T&eacute;l.&nbsp;<strong>: <\/strong><a href=\"tel:+330247931838\">02 47 93 18 38<\/a><\/p>\n\n\n\n<h2 class=\"wp-block-heading title has-text-primary\">Consumer mediator<\/h2>\n\n\n\n<p>M&eacute;diation &ndash; vivons mieux ensemble<br>SASU VIVONS MIEUX ENSEMBLE<br>RCS NANCY 820 862 241<br>2, impasse de Beauregard &ndash; 54 000 NANCY<br><a href=\"https:\/\/mail.google.com\/www.mediation-vivons-mieux-ensemble.fr\" target=\"_blank\" rel=\"noreferrer noopener nofollow\">https:\/www.mediation-vivons-mieux-ensemble.fr<\/a><br>mediation@vivons-mieux-ensemble.fr<\/p>\n\n\n\n<h2 class=\"wp-block-heading title has-text-primary\">Development<\/h2>\n\n\n\n<p><a href=\"https:\/\/yaka-crea.fr\" target=\"_blank\" rel=\"noreferrer noopener\">yaka-crea.fr<\/a><\/p>\n\n\n\n<h2 class=\"wp-block-heading title has-text-primary\">Web hosting<\/h2>\n\n\n\n<p>IKOULA NET<br>SAS au capital de 181 260 &euro;<br>2 cit&eacute; Paradis&nbsp; 75010 PARIS<br>T&eacute;l. : 01 84 01 02 50<\/p>\n<\/body><\/html>","protected":false},"excerpt":{"rendered":"<p>En vertu de l&rsquo;article 6 de la loi n&deg; 2004-575 du 21 juin 2004 pour la confiance dans l&rsquo;&eacute;conomie num&eacute;rique, il est pr&eacute;cis&eacute; aux utilisateurs du site, l&rsquo;identit&eacute; des diff&eacute;rents intervenants dans le cadre de sa r&eacute;alisation et de son suivi. Propri&eacute;taire et &eacute;diteur du site SARL CABINET METAIS-BERTRANDSARL au capital de 7622,45 &euro;15 rue [&hellip;]<\/p>\n","protected":false},"author":1,"featured_media":0,"parent":0,"menu_order":0,"comment_status":"closed","ping_status":"closed","template":"","meta":{"_acf_changed":false,"footnotes":""},"class_list":["post-216","page","type-page","status-publish","hentry"],"acf":[],"yoast_head":"<!-- This site is optimized with the Yoast SEO plugin v27.4 - https:\/\/yoast.com\/product\/yoast-seo-wordpress\/ -->\n<title>Mentions l\u00e9gales - Cabinet M\u00c9TAIS-BERTRAND<\/title>\n<meta name=\"description\" content=\"Consultez nos mentions l\u00e9gales pour en savoir plus sur notre cabinet immobilier et nos services dans le Val de Loire.\" \/>\n<meta name=\"robots\" content=\"index, follow, max-snippet:-1, max-image-preview:large, max-video-preview:-1\" \/>\n<link rel=\"canonical\" href=\"https:\/\/metais-immobilier.com\/en\/mentions-legales\/\" \/>\n<meta property=\"og:locale\" content=\"en_GB\" \/>\n<meta property=\"og:type\" content=\"article\" \/>\n<meta property=\"og:title\" content=\"Mentions l\u00e9gales - Cabinet M\u00c9TAIS-BERTRAND\" \/>\n<meta property=\"og:description\" content=\"Consultez nos mentions l\u00e9gales pour en savoir plus sur notre cabinet immobilier et nos services dans le Val de Loire.\" \/>\n<meta property=\"og:url\" content=\"https:\/\/metais-immobilier.com\/en\/mentions-legales\/\" \/>\n<meta property=\"og:site_name\" content=\"Cabinet M\u00c9TAIS-BERTRAND\" \/>\n<meta property=\"article:modified_time\" content=\"2024-02-20T10:10:53+00:00\" \/>\n<meta property=\"og:image\" content=\"http:\/\/localhost\/WWW\/METAIS_IMMO\/www\/wp-content\/uploads\/logo-agent_immobilier-246x300.jpg\" \/>\n<meta name=\"twitter:card\" content=\"summary_large_image\" \/>\n<meta name=\"twitter:label1\" content=\"Estimated reading time\" \/>\n\t<meta name=\"twitter:data1\" content=\"2 minutes\" \/>\n<script type=\"application\/ld+json\" class=\"yoast-schema-graph\">{\"@context\":\"https:\\\/\\\/schema.org\",\"@graph\":[{\"@type\":\"WebPage\",\"@id\":\"https:\\\/\\\/metais-immobilier.com\\\/mentions-legales\\\/\",\"url\":\"https:\\\/\\\/metais-immobilier.com\\\/mentions-legales\\\/\",\"name\":\"Mentions l\u00e9gales - Cabinet M\u00c9TAIS-BERTRAND\",\"isPartOf\":{\"@id\":\"https:\\\/\\\/metais-immobilier.com\\\/#website\"},\"primaryImageOfPage\":{\"@id\":\"https:\\\/\\\/metais-immobilier.com\\\/mentions-legales\\\/#primaryimage\"},\"image\":{\"@id\":\"https:\\\/\\\/metais-immobilier.com\\\/mentions-legales\\\/#primaryimage\"},\"thumbnailUrl\":\"http:\\\/\\\/localhost\\\/WWW\\\/METAIS_IMMO\\\/www\\\/wp-content\\\/uploads\\\/logo-agent_immobilier-246x300.jpg\",\"datePublished\":\"2024-01-10T17:37:04+00:00\",\"dateModified\":\"2024-02-20T10:10:53+00:00\",\"description\":\"Consultez nos mentions l\u00e9gales pour en savoir plus sur notre cabinet immobilier et nos services dans le Val de Loire.\",\"inLanguage\":\"en-GB\",\"potentialAction\":[{\"@type\":\"ReadAction\",\"target\":[\"https:\\\/\\\/metais-immobilier.com\\\/mentions-legales\\\/\"]}]},{\"@type\":\"ImageObject\",\"inLanguage\":\"en-GB\",\"@id\":\"https:\\\/\\\/metais-immobilier.com\\\/mentions-legales\\\/#primaryimage\",\"url\":\"http:\\\/\\\/localhost\\\/WWW\\\/METAIS_IMMO\\\/www\\\/wp-content\\\/uploads\\\/logo-agent_immobilier-246x300.jpg\",\"contentUrl\":\"http:\\\/\\\/localhost\\\/WWW\\\/METAIS_IMMO\\\/www\\\/wp-content\\\/uploads\\\/logo-agent_immobilier-246x300.jpg\"},{\"@type\":\"WebSite\",\"@id\":\"https:\\\/\\\/metais-immobilier.com\\\/#website\",\"url\":\"https:\\\/\\\/metais-immobilier.com\\\/\",\"name\":\"Cabinet M\u00c9TAIS-BERTRAND\",\"description\":\"Agence immobili\u00e8re sp\u00e9cialis\u00e9e dans la vente de Ch\u00e2teaux, Propri\u00e9t\u00e9s, Maisons de Caract\u00e8re, Moulins, Vignobles et For\u00eats en Val de Loire\",\"publisher\":{\"@id\":\"https:\\\/\\\/metais-immobilier.com\\\/#organization\"},\"potentialAction\":[{\"@type\":\"SearchAction\",\"target\":{\"@type\":\"EntryPoint\",\"urlTemplate\":\"https:\\\/\\\/metais-immobilier.com\\\/?s={search_term_string}\"},\"query-input\":{\"@type\":\"PropertyValueSpecification\",\"valueRequired\":true,\"valueName\":\"search_term_string\"}}],\"inLanguage\":\"en-GB\"},{\"@type\":\"Organization\",\"@id\":\"https:\\\/\\\/metais-immobilier.com\\\/#organization\",\"name\":\"Cabinet M\u00c9TAIS-BERTRAND\",\"url\":\"https:\\\/\\\/metais-immobilier.com\\\/\",\"logo\":{\"@type\":\"ImageObject\",\"inLanguage\":\"en-GB\",\"@id\":\"https:\\\/\\\/metais-immobilier.com\\\/#\\\/schema\\\/logo\\\/image\\\/\",\"url\":\"https:\\\/\\\/metais-immobilier.com\\\/wp-content\\\/uploads\\\/logo-cabinet-Metais-Bertrand.svg\",\"contentUrl\":\"https:\\\/\\\/metais-immobilier.com\\\/wp-content\\\/uploads\\\/logo-cabinet-Metais-Bertrand.svg\",\"width\":678,\"height\":171,\"caption\":\"Cabinet M\u00c9TAIS-BERTRAND\"},\"image\":{\"@id\":\"https:\\\/\\\/metais-immobilier.com\\\/#\\\/schema\\\/logo\\\/image\\\/\"}}]}<\/script>\n<!-- \/ Yoast SEO plugin. -->","yoast_head_json":{"title":"Mentions l\u00e9gales - Cabinet M\u00c9TAIS-BERTRAND","description":"Consultez nos mentions l\u00e9gales pour en savoir plus sur notre cabinet immobilier et nos services dans le Val de Loire.","robots":{"index":"index","follow":"follow","max-snippet":"max-snippet:-1","max-image-preview":"max-image-preview:large","max-video-preview":"max-video-preview:-1"},"canonical":"https:\/\/metais-immobilier.com\/en\/mentions-legales\/","og_locale":"en_GB","og_type":"article","og_title":"Mentions l\u00e9gales - Cabinet M\u00c9TAIS-BERTRAND","og_description":"Consultez nos mentions l\u00e9gales pour en savoir plus sur notre cabinet immobilier et nos services dans le Val de Loire.","og_url":"https:\/\/metais-immobilier.com\/en\/mentions-legales\/","og_site_name":"Cabinet M\u00c9TAIS-BERTRAND","article_modified_time":"2024-02-20T10:10:53+00:00","og_image":[{"url":"http:\/\/localhost\/WWW\/METAIS_IMMO\/www\/wp-content\/uploads\/logo-agent_immobilier-246x300.jpg","type":"","width":"","height":""}],"twitter_card":"summary_large_image","twitter_misc":{"Estimated reading time":"2 minutes"},"schema":{"@context":"https:\/\/schema.org","@graph":[{"@type":"WebPage","@id":"https:\/\/metais-immobilier.com\/mentions-legales\/","url":"https:\/\/metais-immobilier.com\/mentions-legales\/","name":"Mentions l\u00e9gales - Cabinet M\u00c9TAIS-BERTRAND","isPartOf":{"@id":"https:\/\/metais-immobilier.com\/#website"},"primaryImageOfPage":{"@id":"https:\/\/metais-immobilier.com\/mentions-legales\/#primaryimage"},"image":{"@id":"https:\/\/metais-immobilier.com\/mentions-legales\/#primaryimage"},"thumbnailUrl":"http:\/\/localhost\/WWW\/METAIS_IMMO\/www\/wp-content\/uploads\/logo-agent_immobilier-246x300.jpg","datePublished":"2024-01-10T17:37:04+00:00","dateModified":"2024-02-20T10:10:53+00:00","description":"Consultez nos mentions l\u00e9gales pour en savoir plus sur notre cabinet immobilier et nos services dans le Val de Loire.","inLanguage":"en-GB","potentialAction":[{"@type":"ReadAction","target":["https:\/\/metais-immobilier.com\/mentions-legales\/"]}]},{"@type":"ImageObject","inLanguage":"en-GB","@id":"https:\/\/metais-immobilier.com\/mentions-legales\/#primaryimage","url":"http:\/\/localhost\/WWW\/METAIS_IMMO\/www\/wp-content\/uploads\/logo-agent_immobilier-246x300.jpg","contentUrl":"http:\/\/localhost\/WWW\/METAIS_IMMO\/www\/wp-content\/uploads\/logo-agent_immobilier-246x300.jpg"},{"@type":"WebSite","@id":"https:\/\/metais-immobilier.com\/#website","url":"https:\/\/metais-immobilier.com\/","name":"Cabinet M\u00c9TAIS-BERTRAND","description":"Real estate agency specializing in the sale of Castles, Properties, Houses of Character, Mills, Vineyards and Forests in the Loire Valley","publisher":{"@id":"https:\/\/metais-immobilier.com\/#organization"},"potentialAction":[{"@type":"SearchAction","target":{"@type":"EntryPoint","urlTemplate":"https:\/\/metais-immobilier.com\/?s={search_term_string}"},"query-input":{"@type":"PropertyValueSpecification","valueRequired":true,"valueName":"search_term_string"}}],"inLanguage":"en-GB"},{"@type":"Organization","@id":"https:\/\/metais-immobilier.com\/#organization","name":"Cabinet M\u00c9TAIS-BERTRAND","url":"https:\/\/metais-immobilier.com\/","logo":{"@type":"ImageObject","inLanguage":"en-GB","@id":"https:\/\/metais-immobilier.com\/#\/schema\/logo\/image\/","url":"https:\/\/metais-immobilier.com\/wp-content\/uploads\/logo-cabinet-Metais-Bertrand.svg","contentUrl":"https:\/\/metais-immobilier.com\/wp-content\/uploads\/logo-cabinet-Metais-Bertrand.svg","width":678,"height":171,"caption":"Cabinet M\u00c9TAIS-BERTRAND"},"image":{"@id":"https:\/\/metais-immobilier.com\/#\/schema\/logo\/image\/"}}]}},"_links":{"self":[{"href":"https:\/\/metais-immobilier.com\/en\/wp-json\/wp\/v2\/pages\/216","targetHints":{"allow":["GET"]}}],"collection":[{"href":"https:\/\/metais-immobilier.com\/en\/wp-json\/wp\/v2\/pages"}],"about":[{"href":"https:\/\/metais-immobilier.com\/en\/wp-json\/wp\/v2\/types\/page"}],"author":[{"embeddable":true,"href":"https:\/\/metais-immobilier.com\/en\/wp-json\/wp\/v2\/users\/1"}],"replies":[{"embeddable":true,"href":"https:\/\/metais-immobilier.com\/en\/wp-json\/wp\/v2\/comments?post=216"}],"version-history":[{"count":9,"href":"https:\/\/metais-immobilier.com\/en\/wp-json\/wp\/v2\/pages\/216\/revisions"}],"predecessor-version":[{"id":551,"href":"https:\/\/metais-immobilier.com\/en\/wp-json\/wp\/v2\/pages\/216\/revisions\/551"}],"wp:attachment":[{"href":"https:\/\/metais-immobilier.com\/en\/wp-json\/wp\/v2\/media?parent=216"}],"curies":[{"name":"wp","href":"https:\/\/api.w.org\/{rel}","templated":true}]}}