{"id":25,"date":"2024-01-02T11:39:22","date_gmt":"2024-01-02T10:39:22","guid":{"rendered":"https:\/\/metais-immobilier.com\/?page_id=25"},"modified":"2024-02-19T12:30:31","modified_gmt":"2024-02-19T11:30:31","slug":"le-val-de-loire","status":"publish","type":"page","link":"https:\/\/metais-immobilier.com\/en\/le-val-de-loire\/","title":{"rendered":"The Loire Valley"},"content":{"rendered":"<!DOCTYPE html PUBLIC \"-\/\/W3C\/\/DTD HTML 4.0 Transitional\/\/EN\" \"http:\/\/www.w3.org\/TR\/REC-html40\/loose.dtd\">\n<html><head>\n<\/head><body><h2 class=\"wp-block-heading title has-text-primary\">Tourism<\/h2>\n\n\n\n<ul class=\"wp-block-list\">\n<li><a href=\"https:\/\/www.valdeloire.org\" target=\"_blank\" rel=\"noreferrer noopener nofollow\">Loire Valley<\/a><\/li>\n\n\n\n<li><a href=\"https:\/\/www.parc-loire-anjou-touraine.fr\" target=\"_blank\" rel=\"noreferrer noopener nofollow\">Parc naturel r&eacute;gional Loire-Anjou-Touraine<\/a><\/li>\n\n\n\n<li><a href=\"https:\/\/www.tours-tourisme.fr\" target=\"_blank\" rel=\"noreferrer noopener nofollow\">Office de tourisme de Tours<\/a><\/li>\n<\/ul>\n\n\n\n<h2 class=\"wp-block-heading title has-text-primary\">Chinon<\/h2>\n\n\n\n<ul class=\"wp-block-list\">\n<li><a href=\"https:\/\/www.chinon.com\" target=\"_blank\" rel=\"noreferrer noopener nofollow\">Le vignoble<\/a><\/li>\n\n\n\n<li><a href=\"https:\/\/www.azay-chinon-valdeloire.com\" target=\"_blank\" rel=\"noreferrer noopener nofollow\">Office de tourisme<\/a><\/li>\n\n\n\n<li><a href=\"https:\/\/www.ville-chinon.com\" target=\"_blank\" rel=\"noreferrer noopener nofollow\">La ville<\/a><\/li>\n<\/ul>\n\n\n\n<h2 class=\"wp-block-heading title has-text-primary\">Saumur<\/h2>\n\n\n\n<ul class=\"wp-block-list\">\n<li><a href=\"https:\/\/www.ville-saumur.fr\" target=\"_blank\" rel=\"noreferrer noopener nofollow\">La ville<\/a><\/li>\n\n\n\n<li><a href=\"https:\/\/www.ot-saumur.fr\" target=\"_blank\" rel=\"noreferrer noopener nofollow\">Office de tourisme<\/a><\/li>\n<\/ul>\n<\/body><\/html>","protected":false},"excerpt":{"rendered":"<p>Tourisme Chinon Saumur<\/p>","protected":false},"author":1,"featured_media":186,"parent":0,"menu_order":0,"comment_status":"closed","ping_status":"closed","template":"","meta":{"_acf_changed":false,"footnotes":""},"class_list":["post-25","page","type-page","status-publish","has-post-thumbnail","hentry"],"acf":[],"yoast_head":"<!-- This site is optimized with the Yoast SEO plugin v27.3 - https:\/\/yoast.com\/product\/yoast-seo-wordpress\/ -->\n<title>D\u00e9couvrez le Val de Loire<\/title>\n<meta name=\"description\" content=\"Explorez la beaut\u00e9 du Val de Loire. D\u00e9couvrez ses tr\u00e9sors architecturaux, son patrimoine naturel et son histoire fascinante ici.\" \/>\n<meta name=\"robots\" content=\"index, follow, max-snippet:-1, max-image-preview:large, max-video-preview:-1\" \/>\n<link rel=\"canonical\" href=\"https:\/\/metais-immobilier.com\/en\/le-val-de-loire\/\" \/>\n<meta property=\"og:locale\" content=\"en_GB\" \/>\n<meta property=\"og:type\" content=\"article\" \/>\n<meta property=\"og:title\" content=\"D\u00e9couvrez le Val de Loire\" \/>\n<meta property=\"og:description\" content=\"Explorez la beaut\u00e9 du Val de Loire. D\u00e9couvrez ses tr\u00e9sors architecturaux, son patrimoine naturel et son histoire fascinante ici.\" \/>\n<meta property=\"og:url\" content=\"https:\/\/metais-immobilier.com\/en\/le-val-de-loire\/\" \/>\n<meta property=\"og:site_name\" content=\"Cabinet M\u00c9TAIS-BERTRAND\" \/>\n<meta property=\"article:modified_time\" content=\"2024-02-19T11:30:31+00:00\" \/>\n<meta property=\"og:image\" content=\"https:\/\/metais-immobilier.com\/wp-content\/uploads\/val-de-loire.jpg\" \/>\n\t<meta property=\"og:image:width\" content=\"1920\" \/>\n\t<meta property=\"og:image:height\" content=\"1280\" \/>\n\t<meta property=\"og:image:type\" content=\"image\/jpeg\" \/>\n<meta name=\"twitter:card\" content=\"summary_large_image\" \/>\n<meta name=\"twitter:label1\" content=\"Estimated reading time\" \/>\n\t<meta name=\"twitter:data1\" content=\"1 minute\" \/>\n<script type=\"application\/ld+json\" class=\"yoast-schema-graph\">{\"@context\":\"https:\\\/\\\/schema.org\",\"@graph\":[{\"@type\":\"WebPage\",\"@id\":\"https:\\\/\\\/metais-immobilier.com\\\/le-val-de-loire\\\/\",\"url\":\"https:\\\/\\\/metais-immobilier.com\\\/le-val-de-loire\\\/\",\"name\":\"D\u00e9couvrez le Val de Loire\",\"isPartOf\":{\"@id\":\"https:\\\/\\\/metais-immobilier.com\\\/#website\"},\"primaryImageOfPage\":{\"@id\":\"https:\\\/\\\/metais-immobilier.com\\\/le-val-de-loire\\\/#primaryimage\"},\"image\":{\"@id\":\"https:\\\/\\\/metais-immobilier.com\\\/le-val-de-loire\\\/#primaryimage\"},\"thumbnailUrl\":\"https:\\\/\\\/metais-immobilier.com\\\/wp-content\\\/uploads\\\/val-de-loire.jpg\",\"datePublished\":\"2024-01-02T10:39:22+00:00\",\"dateModified\":\"2024-02-19T11:30:31+00:00\",\"description\":\"Explorez la beaut\u00e9 du Val de Loire. D\u00e9couvrez ses tr\u00e9sors architecturaux, son patrimoine naturel et son histoire fascinante ici.\",\"inLanguage\":\"en-GB\",\"potentialAction\":[{\"@type\":\"ReadAction\",\"target\":[\"https:\\\/\\\/metais-immobilier.com\\\/le-val-de-loire\\\/\"]}]},{\"@type\":\"ImageObject\",\"inLanguage\":\"en-GB\",\"@id\":\"https:\\\/\\\/metais-immobilier.com\\\/le-val-de-loire\\\/#primaryimage\",\"url\":\"https:\\\/\\\/metais-immobilier.com\\\/wp-content\\\/uploads\\\/val-de-loire.jpg\",\"contentUrl\":\"https:\\\/\\\/metais-immobilier.com\\\/wp-content\\\/uploads\\\/val-de-loire.jpg\",\"width\":1920,\"height\":1280,\"caption\":\"Val de Loire\"},{\"@type\":\"WebSite\",\"@id\":\"https:\\\/\\\/metais-immobilier.com\\\/#website\",\"url\":\"https:\\\/\\\/metais-immobilier.com\\\/\",\"name\":\"Cabinet M\u00c9TAIS-BERTRAND\",\"description\":\"Agence immobili\u00e8re sp\u00e9cialis\u00e9e dans la vente de Ch\u00e2teaux, Propri\u00e9t\u00e9s, Maisons de Caract\u00e8re, Moulins, Vignobles et For\u00eats en Val de Loire\",\"publisher\":{\"@id\":\"https:\\\/\\\/metais-immobilier.com\\\/#organization\"},\"potentialAction\":[{\"@type\":\"SearchAction\",\"target\":{\"@type\":\"EntryPoint\",\"urlTemplate\":\"https:\\\/\\\/metais-immobilier.com\\\/?s={search_term_string}\"},\"query-input\":{\"@type\":\"PropertyValueSpecification\",\"valueRequired\":true,\"valueName\":\"search_term_string\"}}],\"inLanguage\":\"en-GB\"},{\"@type\":\"Organization\",\"@id\":\"https:\\\/\\\/metais-immobilier.com\\\/#organization\",\"name\":\"Cabinet M\u00c9TAIS-BERTRAND\",\"url\":\"https:\\\/\\\/metais-immobilier.com\\\/\",\"logo\":{\"@type\":\"ImageObject\",\"inLanguage\":\"en-GB\",\"@id\":\"https:\\\/\\\/metais-immobilier.com\\\/#\\\/schema\\\/logo\\\/image\\\/\",\"url\":\"https:\\\/\\\/metais-immobilier.com\\\/wp-content\\\/uploads\\\/logo-cabinet-Metais-Bertrand.svg\",\"contentUrl\":\"https:\\\/\\\/metais-immobilier.com\\\/wp-content\\\/uploads\\\/logo-cabinet-Metais-Bertrand.svg\",\"width\":678,\"height\":171,\"caption\":\"Cabinet M\u00c9TAIS-BERTRAND\"},\"image\":{\"@id\":\"https:\\\/\\\/metais-immobilier.com\\\/#\\\/schema\\\/logo\\\/image\\\/\"}}]}<\/script>\n<!-- \/ Yoast SEO plugin. -->","yoast_head_json":{"title":"D\u00e9couvrez le Val de Loire","description":"Explorez la beaut\u00e9 du Val de Loire. D\u00e9couvrez ses tr\u00e9sors architecturaux, son patrimoine naturel et son histoire fascinante ici.","robots":{"index":"index","follow":"follow","max-snippet":"max-snippet:-1","max-image-preview":"max-image-preview:large","max-video-preview":"max-video-preview:-1"},"canonical":"https:\/\/metais-immobilier.com\/en\/le-val-de-loire\/","og_locale":"en_GB","og_type":"article","og_title":"D\u00e9couvrez le Val de Loire","og_description":"Explorez la beaut\u00e9 du Val de Loire. D\u00e9couvrez ses tr\u00e9sors architecturaux, son patrimoine naturel et son histoire fascinante ici.","og_url":"https:\/\/metais-immobilier.com\/en\/le-val-de-loire\/","og_site_name":"Cabinet M\u00c9TAIS-BERTRAND","article_modified_time":"2024-02-19T11:30:31+00:00","og_image":[{"width":1920,"height":1280,"url":"https:\/\/metais-immobilier.com\/wp-content\/uploads\/val-de-loire.jpg","type":"image\/jpeg"}],"twitter_card":"summary_large_image","twitter_misc":{"Estimated reading time":"1 minute"},"schema":{"@context":"https:\/\/schema.org","@graph":[{"@type":"WebPage","@id":"https:\/\/metais-immobilier.com\/le-val-de-loire\/","url":"https:\/\/metais-immobilier.com\/le-val-de-loire\/","name":"D\u00e9couvrez le Val de Loire","isPartOf":{"@id":"https:\/\/metais-immobilier.com\/#website"},"primaryImageOfPage":{"@id":"https:\/\/metais-immobilier.com\/le-val-de-loire\/#primaryimage"},"image":{"@id":"https:\/\/metais-immobilier.com\/le-val-de-loire\/#primaryimage"},"thumbnailUrl":"https:\/\/metais-immobilier.com\/wp-content\/uploads\/val-de-loire.jpg","datePublished":"2024-01-02T10:39:22+00:00","dateModified":"2024-02-19T11:30:31+00:00","description":"Explorez la beaut\u00e9 du Val de Loire. D\u00e9couvrez ses tr\u00e9sors architecturaux, son patrimoine naturel et son histoire fascinante ici.","inLanguage":"en-GB","potentialAction":[{"@type":"ReadAction","target":["https:\/\/metais-immobilier.com\/le-val-de-loire\/"]}]},{"@type":"ImageObject","inLanguage":"en-GB","@id":"https:\/\/metais-immobilier.com\/le-val-de-loire\/#primaryimage","url":"https:\/\/metais-immobilier.com\/wp-content\/uploads\/val-de-loire.jpg","contentUrl":"https:\/\/metais-immobilier.com\/wp-content\/uploads\/val-de-loire.jpg","width":1920,"height":1280,"caption":"Val de Loire"},{"@type":"WebSite","@id":"https:\/\/metais-immobilier.com\/#website","url":"https:\/\/metais-immobilier.com\/","name":"Cabinet M\u00c9TAIS-BERTRAND","description":"Real estate agency specializing in the sale of Castles, Properties, Houses of Character, Mills, Vineyards and Forests in the Loire Valley","publisher":{"@id":"https:\/\/metais-immobilier.com\/#organization"},"potentialAction":[{"@type":"SearchAction","target":{"@type":"EntryPoint","urlTemplate":"https:\/\/metais-immobilier.com\/?s={search_term_string}"},"query-input":{"@type":"PropertyValueSpecification","valueRequired":true,"valueName":"search_term_string"}}],"inLanguage":"en-GB"},{"@type":"Organization","@id":"https:\/\/metais-immobilier.com\/#organization","name":"Cabinet M\u00c9TAIS-BERTRAND","url":"https:\/\/metais-immobilier.com\/","logo":{"@type":"ImageObject","inLanguage":"en-GB","@id":"https:\/\/metais-immobilier.com\/#\/schema\/logo\/image\/","url":"https:\/\/metais-immobilier.com\/wp-content\/uploads\/logo-cabinet-Metais-Bertrand.svg","contentUrl":"https:\/\/metais-immobilier.com\/wp-content\/uploads\/logo-cabinet-Metais-Bertrand.svg","width":678,"height":171,"caption":"Cabinet M\u00c9TAIS-BERTRAND"},"image":{"@id":"https:\/\/metais-immobilier.com\/#\/schema\/logo\/image\/"}}]}},"_links":{"self":[{"href":"https:\/\/metais-immobilier.com\/en\/wp-json\/wp\/v2\/pages\/25","targetHints":{"allow":["GET"]}}],"collection":[{"href":"https:\/\/metais-immobilier.com\/en\/wp-json\/wp\/v2\/pages"}],"about":[{"href":"https:\/\/metais-immobilier.com\/en\/wp-json\/wp\/v2\/types\/page"}],"author":[{"embeddable":true,"href":"https:\/\/metais-immobilier.com\/en\/wp-json\/wp\/v2\/users\/1"}],"replies":[{"embeddable":true,"href":"https:\/\/metais-immobilier.com\/en\/wp-json\/wp\/v2\/comments?post=25"}],"version-history":[{"count":26,"href":"https:\/\/metais-immobilier.com\/en\/wp-json\/wp\/v2\/pages\/25\/revisions"}],"predecessor-version":[{"id":430,"href":"https:\/\/metais-immobilier.com\/en\/wp-json\/wp\/v2\/pages\/25\/revisions\/430"}],"wp:featuredmedia":[{"embeddable":true,"href":"https:\/\/metais-immobilier.com\/en\/wp-json\/wp\/v2\/media\/186"}],"wp:attachment":[{"href":"https:\/\/metais-immobilier.com\/en\/wp-json\/wp\/v2\/media?parent=25"}],"curies":[{"name":"wp","href":"https:\/\/api.w.org\/{rel}","templated":true}]}}