{"id":277,"date":"2024-01-18T17:48:57","date_gmt":"2024-01-18T16:48:57","guid":{"rendered":"https:\/\/metais-immobilier.com\/?page_id=277"},"modified":"2024-04-22T11:57:39","modified_gmt":"2024-04-22T09:57:39","slug":"vendre-votre-bien-immobilier","status":"publish","type":"page","link":"https:\/\/metais-immobilier.com\/en\/vendre-votre-bien-immobilier\/","title":{"rendered":"Sell your property"},"content":{"rendered":"<!DOCTYPE html PUBLIC \"-\/\/W3C\/\/DTD HTML 4.0 Transitional\/\/EN\" \"http:\/\/www.w3.org\/TR\/REC-html40\/loose.dtd\">\n<html><head>\n<\/head><body><p class=\"has-text-align-center\">You wish to sell your property, to have an opinion of value or a council.<br>We thank you for completing the form below.<\/p>\n\n\n    <form id=\"ajax-form\" class=\"ajax-form mt-6\" action=\"\">\r\n\r\n        <input type=\"hidden\" id=\"ajax-form-nonce\" name=\"ajax-form-nonce\" value=\"27a571d125\"><input type=\"hidden\" name=\"_wp_http_referer\" value=\"\/en\/wp-json\/wp\/v2\/pages\/277\">     \r\n\r\n        <div class=\"columns\">\r\n            <div class=\"column\">\r\n                <div class=\"field\">\r\n                    <label class=\"label\">First name *<\/label>\r\n                    <div class=\"control\">\r\n                        <input class=\"input required\" type=\"text\" name=\"prenom\" id=\"prenom\" placeholder=\"Your first name\">\r\n                    <\/div>\r\n                <\/div>\r\n            <\/div>\r\n            <div class=\"column\">\r\n                <div class=\"field\">\r\n                    <label class=\"label\">Name *<\/label>\r\n                    <div class=\"control\">\r\n                        <input class=\"input required\" type=\"text\" name=\"nom\" id=\"nom\" placeholder=\"Your name\">\r\n                    <\/div>\r\n                <\/div>\r\n            <\/div>\r\n        <\/div>\r\n        <div class=\"columns\">\r\n            <div class=\"column\">\r\n                <div class=\"field\">\r\n                    <label class=\"label\">Address *<\/label>\r\n                    <div class=\"control\">\r\n                        <input class=\"input required\" type=\"text\" name=\"adresse\" id=\"adresse\" placeholder=\"Your address\">\r\n                    <\/div>\r\n                <\/div>\r\n            <\/div>\r\n            <div class=\"column\">\r\n                <div class=\"field\">\r\n                    <label class=\"label\">Additional address<\/label>\r\n                    <div class=\"control\">\r\n                        <input class=\"input\" type=\"text\" name=\"complementadresse\" id=\"complementadresse\" placeholder=\"Your additional address\">\r\n                    <\/div>\r\n                <\/div>\r\n            <\/div>\r\n        <\/div>\r\n        <div class=\"columns\">\r\n            <div class=\"column\">\r\n                <div class=\"field\">\r\n                    <label class=\"label\">Postal code *<\/label>\r\n                    <div class=\"control\">\r\n                        <input class=\"input required\" type=\"text\" name=\"codepostal\" id=\"codepostal\" placeholder=\"Your postal code\">\r\n                    <\/div>\r\n                <\/div>\r\n            <\/div>\r\n            <div class=\"column\">\r\n                <div class=\"field\">\r\n                    <label class=\"label\">City *<\/label>\r\n                    <div class=\"control\">\r\n                        <input class=\"input required\" type=\"text\" name=\"ville\" id=\"ville\" placeholder=\"Your city\">\r\n                    <\/div>\r\n                <\/div>\r\n            <\/div>\r\n        <\/div>\r\n        <div class=\"columns\">\r\n            <div class=\"column\">\r\n                <div class=\"field\">\r\n                    <label class=\"label\">Phone *<\/label>\r\n                    <div class=\"control\">\r\n                        <input class=\"input required\" type=\"text\" name=\"telephone\" id=\"telephone\" placeholder=\"Your phone number\">\r\n                    <\/div>\r\n                <\/div>\r\n            <\/div>\r\n            <div class=\"column\">\r\n                <div class=\"field\">\r\n                    <label class=\"label\">E-mail *<\/label>\r\n                    <div class=\"control\">\r\n                        <input class=\"input required\" type=\"email\" name=\"email\" id=\"email\" placeholder=\"Your e-mail\">\r\n                    <\/div>\r\n                <\/div>\r\n\r\n                <!-- HoneyPot -->\r\n                <input class=\"input is-hidden\" type=\"text\" name=\"questionsecrete\" id=\"questionsecrete\" placeholder=\"Secret question\">\r\n            <\/div>\r\n        <\/div>\r\n        <div class=\"columns\">\r\n            <div class=\"column\">\r\n                <div class=\"field\">\r\n                    <label class=\"label\">Message<\/label>\r\n                    <div class=\"control\">\r\n                        <textarea class=\"textarea\" name=\"message\" id=\"message\" placeholder=\"Your message\"><\/textarea>\r\n                    <\/div>\r\n                <\/div>\r\n                <div id=\"ajax_response\" class=\"field\"><\/div>\r\n                <div class=\"field\">\r\n                    <div class=\"control\">\r\n                        <label class=\"checkbox\">\r\n                            <input type=\"checkbox\" name=\"rgpd\" id=\"rgpd\">\r\n                            I agree that the information entered will be used to contact me *<br>Check out our <a href=\"https:\/\/metais-immobilier.com\/en\/politique-de-confidentialite\/\" target=\"blank\">conditions of use of data<\/a>\r\n                        <\/label>\r\n                    <\/div>\r\n                <\/div>\r\n                <div class=\"field\">\r\n                    <button class=\"button is-primary px-5\">SEND<\/button>\r\n                <\/div>\r\n            <\/div>\r\n        <\/div>\r\n\r\n    <input type=\"hidden\" name=\"trp-form-language\" value=\"en\"\/><\/form>\r\n    \n<\/body><\/html>","protected":false},"excerpt":{"rendered":"<p>You wish to sell your property, to have an opinion of value or a council.<\/p>","protected":false},"author":1,"featured_media":717,"parent":0,"menu_order":0,"comment_status":"closed","ping_status":"closed","template":"","meta":{"_acf_changed":false,"footnotes":""},"class_list":["post-277","page","type-page","status-publish","has-post-thumbnail","hentry"],"acf":[],"yoast_head":"<!-- This site is optimized with the Yoast SEO plugin v27.4 - https:\/\/yoast.com\/product\/yoast-seo-wordpress\/ -->\n<title>Confiez-nous la vente de votre bien immobilier<\/title>\n<meta name=\"description\" content=\"Remplissez notre formulaire et confiez-nous la vente de votre bien. Avec notre expertise en immobilier de caract\u00e8re, nous vous accompagnons \u00e0 chaque \u00e9tape pour garantir une transaction r\u00e9ussie.\" \/>\n<meta name=\"robots\" content=\"index, follow, max-snippet:-1, max-image-preview:large, max-video-preview:-1\" \/>\n<link rel=\"canonical\" href=\"https:\/\/metais-immobilier.com\/en\/vendre-votre-bien-immobilier\/\" \/>\n<meta property=\"og:locale\" content=\"en_GB\" \/>\n<meta property=\"og:type\" content=\"article\" \/>\n<meta property=\"og:title\" content=\"Confiez-nous la vente de votre bien immobilier\" \/>\n<meta property=\"og:description\" content=\"Remplissez notre formulaire et confiez-nous la vente de votre bien. Avec notre expertise en immobilier de caract\u00e8re, nous vous accompagnons \u00e0 chaque \u00e9tape pour garantir une transaction r\u00e9ussie.\" \/>\n<meta property=\"og:url\" content=\"https:\/\/metais-immobilier.com\/en\/vendre-votre-bien-immobilier\/\" \/>\n<meta property=\"og:site_name\" content=\"Cabinet M\u00c9TAIS-BERTRAND\" \/>\n<meta property=\"article:modified_time\" content=\"2024-04-22T09:57:39+00:00\" \/>\n<meta property=\"og:image\" content=\"https:\/\/metais-immobilier.com\/wp-content\/uploads\/MANOIR-1303-37-1070-000-27-747-m\u00b2_Page_07_Image_0001-Copie.jpg\" \/>\n\t<meta property=\"og:image:width\" content=\"1233\" \/>\n\t<meta property=\"og:image:height\" content=\"925\" \/>\n\t<meta property=\"og:image:type\" content=\"image\/jpeg\" \/>\n<meta name=\"twitter:card\" content=\"summary_large_image\" \/>\n<meta name=\"twitter:label1\" content=\"Estimated reading time\" \/>\n\t<meta name=\"twitter:data1\" content=\"1 minute\" \/>\n<script type=\"application\/ld+json\" class=\"yoast-schema-graph\">{\"@context\":\"https:\\\/\\\/schema.org\",\"@graph\":[{\"@type\":\"WebPage\",\"@id\":\"https:\\\/\\\/metais-immobilier.com\\\/vendre-votre-bien-immobilier\\\/\",\"url\":\"https:\\\/\\\/metais-immobilier.com\\\/vendre-votre-bien-immobilier\\\/\",\"name\":\"Confiez-nous la vente de votre bien immobilier\",\"isPartOf\":{\"@id\":\"https:\\\/\\\/metais-immobilier.com\\\/#website\"},\"primaryImageOfPage\":{\"@id\":\"https:\\\/\\\/metais-immobilier.com\\\/vendre-votre-bien-immobilier\\\/#primaryimage\"},\"image\":{\"@id\":\"https:\\\/\\\/metais-immobilier.com\\\/vendre-votre-bien-immobilier\\\/#primaryimage\"},\"thumbnailUrl\":\"https:\\\/\\\/metais-immobilier.com\\\/wp-content\\\/uploads\\\/MANOIR-1303-37-1070-000-27-747-m\u00b2_Page_07_Image_0001-Copie.jpg\",\"datePublished\":\"2024-01-18T16:48:57+00:00\",\"dateModified\":\"2024-04-22T09:57:39+00:00\",\"description\":\"Remplissez notre formulaire et confiez-nous la vente de votre bien. Avec notre expertise en immobilier de caract\u00e8re, nous vous accompagnons \u00e0 chaque \u00e9tape pour garantir une transaction r\u00e9ussie.\",\"inLanguage\":\"en-GB\",\"potentialAction\":[{\"@type\":\"ReadAction\",\"target\":[\"https:\\\/\\\/metais-immobilier.com\\\/vendre-votre-bien-immobilier\\\/\"]}]},{\"@type\":\"ImageObject\",\"inLanguage\":\"en-GB\",\"@id\":\"https:\\\/\\\/metais-immobilier.com\\\/vendre-votre-bien-immobilier\\\/#primaryimage\",\"url\":\"https:\\\/\\\/metais-immobilier.com\\\/wp-content\\\/uploads\\\/MANOIR-1303-37-1070-000-27-747-m\u00b2_Page_07_Image_0001-Copie.jpg\",\"contentUrl\":\"https:\\\/\\\/metais-immobilier.com\\\/wp-content\\\/uploads\\\/MANOIR-1303-37-1070-000-27-747-m\u00b2_Page_07_Image_0001-Copie.jpg\",\"width\":1233,\"height\":925},{\"@type\":\"WebSite\",\"@id\":\"https:\\\/\\\/metais-immobilier.com\\\/#website\",\"url\":\"https:\\\/\\\/metais-immobilier.com\\\/\",\"name\":\"Cabinet M\u00c9TAIS-BERTRAND\",\"description\":\"Agence immobili\u00e8re sp\u00e9cialis\u00e9e dans la vente de Ch\u00e2teaux, Propri\u00e9t\u00e9s, Maisons de Caract\u00e8re, Moulins, Vignobles et For\u00eats en Val de Loire\",\"publisher\":{\"@id\":\"https:\\\/\\\/metais-immobilier.com\\\/#organization\"},\"potentialAction\":[{\"@type\":\"SearchAction\",\"target\":{\"@type\":\"EntryPoint\",\"urlTemplate\":\"https:\\\/\\\/metais-immobilier.com\\\/?s={search_term_string}\"},\"query-input\":{\"@type\":\"PropertyValueSpecification\",\"valueRequired\":true,\"valueName\":\"search_term_string\"}}],\"inLanguage\":\"en-GB\"},{\"@type\":\"Organization\",\"@id\":\"https:\\\/\\\/metais-immobilier.com\\\/#organization\",\"name\":\"Cabinet M\u00c9TAIS-BERTRAND\",\"url\":\"https:\\\/\\\/metais-immobilier.com\\\/\",\"logo\":{\"@type\":\"ImageObject\",\"inLanguage\":\"en-GB\",\"@id\":\"https:\\\/\\\/metais-immobilier.com\\\/#\\\/schema\\\/logo\\\/image\\\/\",\"url\":\"https:\\\/\\\/metais-immobilier.com\\\/wp-content\\\/uploads\\\/logo-cabinet-Metais-Bertrand.svg\",\"contentUrl\":\"https:\\\/\\\/metais-immobilier.com\\\/wp-content\\\/uploads\\\/logo-cabinet-Metais-Bertrand.svg\",\"width\":678,\"height\":171,\"caption\":\"Cabinet M\u00c9TAIS-BERTRAND\"},\"image\":{\"@id\":\"https:\\\/\\\/metais-immobilier.com\\\/#\\\/schema\\\/logo\\\/image\\\/\"}}]}<\/script>\n<!-- \/ Yoast SEO plugin. -->","yoast_head_json":{"title":"Confiez-nous la vente de votre bien immobilier","description":"Remplissez notre formulaire et confiez-nous la vente de votre bien. Avec notre expertise en immobilier de caract\u00e8re, nous vous accompagnons \u00e0 chaque \u00e9tape pour garantir une transaction r\u00e9ussie.","robots":{"index":"index","follow":"follow","max-snippet":"max-snippet:-1","max-image-preview":"max-image-preview:large","max-video-preview":"max-video-preview:-1"},"canonical":"https:\/\/metais-immobilier.com\/en\/vendre-votre-bien-immobilier\/","og_locale":"en_GB","og_type":"article","og_title":"Confiez-nous la vente de votre bien immobilier","og_description":"Remplissez notre formulaire et confiez-nous la vente de votre bien. Avec notre expertise en immobilier de caract\u00e8re, nous vous accompagnons \u00e0 chaque \u00e9tape pour garantir une transaction r\u00e9ussie.","og_url":"https:\/\/metais-immobilier.com\/en\/vendre-votre-bien-immobilier\/","og_site_name":"Cabinet M\u00c9TAIS-BERTRAND","article_modified_time":"2024-04-22T09:57:39+00:00","og_image":[{"width":1233,"height":925,"url":"https:\/\/metais-immobilier.com\/wp-content\/uploads\/MANOIR-1303-37-1070-000-27-747-m\u00b2_Page_07_Image_0001-Copie.jpg","type":"image\/jpeg"}],"twitter_card":"summary_large_image","twitter_misc":{"Estimated reading time":"1 minute"},"schema":{"@context":"https:\/\/schema.org","@graph":[{"@type":"WebPage","@id":"https:\/\/metais-immobilier.com\/vendre-votre-bien-immobilier\/","url":"https:\/\/metais-immobilier.com\/vendre-votre-bien-immobilier\/","name":"Confiez-nous la vente de votre bien immobilier","isPartOf":{"@id":"https:\/\/metais-immobilier.com\/#website"},"primaryImageOfPage":{"@id":"https:\/\/metais-immobilier.com\/vendre-votre-bien-immobilier\/#primaryimage"},"image":{"@id":"https:\/\/metais-immobilier.com\/vendre-votre-bien-immobilier\/#primaryimage"},"thumbnailUrl":"https:\/\/metais-immobilier.com\/wp-content\/uploads\/MANOIR-1303-37-1070-000-27-747-m\u00b2_Page_07_Image_0001-Copie.jpg","datePublished":"2024-01-18T16:48:57+00:00","dateModified":"2024-04-22T09:57:39+00:00","description":"Remplissez notre formulaire et confiez-nous la vente de votre bien. Avec notre expertise en immobilier de caract\u00e8re, nous vous accompagnons \u00e0 chaque \u00e9tape pour garantir une transaction r\u00e9ussie.","inLanguage":"en-GB","potentialAction":[{"@type":"ReadAction","target":["https:\/\/metais-immobilier.com\/vendre-votre-bien-immobilier\/"]}]},{"@type":"ImageObject","inLanguage":"en-GB","@id":"https:\/\/metais-immobilier.com\/vendre-votre-bien-immobilier\/#primaryimage","url":"https:\/\/metais-immobilier.com\/wp-content\/uploads\/MANOIR-1303-37-1070-000-27-747-m\u00b2_Page_07_Image_0001-Copie.jpg","contentUrl":"https:\/\/metais-immobilier.com\/wp-content\/uploads\/MANOIR-1303-37-1070-000-27-747-m\u00b2_Page_07_Image_0001-Copie.jpg","width":1233,"height":925},{"@type":"WebSite","@id":"https:\/\/metais-immobilier.com\/#website","url":"https:\/\/metais-immobilier.com\/","name":"Cabinet M\u00c9TAIS-BERTRAND","description":"Real estate agency specializing in the sale of Castles, Properties, Houses of Character, Mills, Vineyards and Forests in the Loire Valley","publisher":{"@id":"https:\/\/metais-immobilier.com\/#organization"},"potentialAction":[{"@type":"SearchAction","target":{"@type":"EntryPoint","urlTemplate":"https:\/\/metais-immobilier.com\/?s={search_term_string}"},"query-input":{"@type":"PropertyValueSpecification","valueRequired":true,"valueName":"search_term_string"}}],"inLanguage":"en-GB"},{"@type":"Organization","@id":"https:\/\/metais-immobilier.com\/#organization","name":"Cabinet M\u00c9TAIS-BERTRAND","url":"https:\/\/metais-immobilier.com\/","logo":{"@type":"ImageObject","inLanguage":"en-GB","@id":"https:\/\/metais-immobilier.com\/#\/schema\/logo\/image\/","url":"https:\/\/metais-immobilier.com\/wp-content\/uploads\/logo-cabinet-Metais-Bertrand.svg","contentUrl":"https:\/\/metais-immobilier.com\/wp-content\/uploads\/logo-cabinet-Metais-Bertrand.svg","width":678,"height":171,"caption":"Cabinet M\u00c9TAIS-BERTRAND"},"image":{"@id":"https:\/\/metais-immobilier.com\/#\/schema\/logo\/image\/"}}]}},"_links":{"self":[{"href":"https:\/\/metais-immobilier.com\/en\/wp-json\/wp\/v2\/pages\/277","targetHints":{"allow":["GET"]}}],"collection":[{"href":"https:\/\/metais-immobilier.com\/en\/wp-json\/wp\/v2\/pages"}],"about":[{"href":"https:\/\/metais-immobilier.com\/en\/wp-json\/wp\/v2\/types\/page"}],"author":[{"embeddable":true,"href":"https:\/\/metais-immobilier.com\/en\/wp-json\/wp\/v2\/users\/1"}],"replies":[{"embeddable":true,"href":"https:\/\/metais-immobilier.com\/en\/wp-json\/wp\/v2\/comments?post=277"}],"version-history":[{"count":11,"href":"https:\/\/metais-immobilier.com\/en\/wp-json\/wp\/v2\/pages\/277\/revisions"}],"predecessor-version":[{"id":361,"href":"https:\/\/metais-immobilier.com\/en\/wp-json\/wp\/v2\/pages\/277\/revisions\/361"}],"wp:featuredmedia":[{"embeddable":true,"href":"https:\/\/metais-immobilier.com\/en\/wp-json\/wp\/v2\/media\/717"}],"wp:attachment":[{"href":"https:\/\/metais-immobilier.com\/en\/wp-json\/wp\/v2\/media?parent=277"}],"curies":[{"name":"wp","href":"https:\/\/api.w.org\/{rel}","templated":true}]}}