{"id":30,"date":"2024-01-02T11:50:03","date_gmt":"2024-01-02T10:50:03","guid":{"rendered":"https:\/\/metais-immobilier.com\/?page_id=30"},"modified":"2024-05-20T11:02:11","modified_gmt":"2024-05-20T09:02:11","slug":"le-cabinet","status":"publish","type":"page","link":"https:\/\/metais-immobilier.com\/en\/le-cabinet\/","title":{"rendered":"The office"},"content":{"rendered":"<!DOCTYPE html PUBLIC \"-\/\/W3C\/\/DTD HTML 4.0 Transitional\/\/EN\" \"http:\/\/www.w3.org\/TR\/REC-html40\/loose.dtd\">\n<html><head>\n<\/head><body><p class=\"translation-block\">The Cabinet <strong>METAIS-BERTRAND<\/strong> was founded in 1993, and since has been involved in real estate sales, especially properties of character. Since the beginnning, our agency has been specialized and our activity has been based on high professional qualities, resulting from real estates management and sales experiences.<\/p>\n\n\n\n<p>The Cabinet METAIS-BERTRAND is the holder of professional card number n\u00b0 CPI 3701 2018 000 027 766 issued by the CCI of Touraine.<\/p>\n\n\n\n<p>He is liable to receive funds and is a member of the SOCIETE DE CAUTION MUTUELLE DES PROFESSIONS IMMOBILIERES ET FONCIERES ( SO.CA.F. : Mutual Guarantee Society of Land and Property Professions), 26 Avenue de Suffren - 75015 PARIS.<\/p>\n\n\n\n<h2 class=\"wp-block-heading title has-text-primary\">What do we do<\/h2>\n\n\n\n<p>We are doing our best to conciliate offer and demand, and quality advice - including the estimation of the best price of a property - as well as a follow-through to guarantee the security and the achievement of the transaction, are our main concerns in our activity.<\/p>\n\n\n\n<h2 class=\"wp-block-heading title has-text-primary\">How<\/h2>\n\n\n\n<p>Commercial efficiency also means and needs ethics.<\/p>\n\n\n\n<p>Our method is governed by principles\u00a0:<\/p>\n\n\n\n<ul class=\"wp-block-list\">\n<li>Information of both buyers and sellers<\/li>\n\n\n\n<li>Transparency<\/li>\n\n\n\n<li>Confidentiality<\/li>\n<\/ul>\n\n\n\n<h2 class=\"wp-block-heading title has-text-primary\">Why<\/h2>\n\n\n\n<p>We are true to our roots, to principals of excellency and proximity and we wish to convey our passion for the loire Valley, its soils, its natural, historical, human richnesses, and of course, its buildings, its architectures.<\/p>\n<\/body><\/html>","protected":false},"excerpt":{"rendered":"<p>Le cabinet METAIS-BERTRAND est sp\u00e9cialis\u00e9 dans les transactions immobili\u00e8res de biens de caract\u00e8re. Alliant expertise et exp\u00e9rience exclusivement immobili\u00e8res, l\u2019agence offre des conseils globaux, de la valorisation juste des biens \u00e0 la recommandation de moyens assurant la s\u00e9curit\u00e9 des transactions. Sa perspective r\u00e9gionaliste se traduit par la promotion du patrimoine du Val de Loire, incluant ses richesses naturelles, historiques, humaines et architecturales.<\/p>","protected":false},"author":1,"featured_media":234,"parent":0,"menu_order":0,"comment_status":"closed","ping_status":"closed","template":"","meta":{"_acf_changed":false,"footnotes":""},"class_list":["post-30","page","type-page","status-publish","has-post-thumbnail","hentry"],"acf":[],"yoast_head":"<!-- This site is optimized with the Yoast SEO plugin v27.4 - https:\/\/yoast.com\/product\/yoast-seo-wordpress\/ -->\n<title>Agence immobili\u00e8re de prestige \u00e0 Chinon en Touraine (37)<\/title>\n<meta name=\"description\" content=\"Sp\u00e9cialiste de l&#039;immobilier de caract\u00e8re dans le Val de Loire. Transactions, conseil et \u00e9thique au service de votre s\u00e9curit\u00e9 et de vos projets immobiliers.\" \/>\n<meta name=\"robots\" content=\"index, follow, max-snippet:-1, max-image-preview:large, max-video-preview:-1\" \/>\n<link rel=\"canonical\" href=\"https:\/\/metais-immobilier.com\/en\/le-cabinet\/\" \/>\n<meta property=\"og:locale\" content=\"en_GB\" \/>\n<meta property=\"og:type\" content=\"article\" \/>\n<meta property=\"og:title\" content=\"Agence immobili\u00e8re de prestige \u00e0 Chinon en Touraine (37)\" \/>\n<meta property=\"og:description\" content=\"Sp\u00e9cialiste de l&#039;immobilier de caract\u00e8re dans le Val de Loire. Transactions, conseil et \u00e9thique au service de votre s\u00e9curit\u00e9 et de vos projets immobiliers.\" \/>\n<meta property=\"og:url\" content=\"https:\/\/metais-immobilier.com\/en\/le-cabinet\/\" \/>\n<meta property=\"og:site_name\" content=\"Cabinet M\u00c9TAIS-BERTRAND\" \/>\n<meta property=\"article:modified_time\" content=\"2024-05-20T09:02:11+00:00\" \/>\n<meta property=\"og:image\" content=\"https:\/\/metais-immobilier.com\/wp-content\/uploads\/cabinet-metais-bertrand.jpg\" \/>\n\t<meta property=\"og:image:width\" content=\"768\" \/>\n\t<meta property=\"og:image:height\" content=\"1153\" \/>\n\t<meta property=\"og:image:type\" content=\"image\/jpeg\" \/>\n<meta name=\"twitter:card\" content=\"summary_large_image\" \/>\n<meta name=\"twitter:label1\" content=\"Estimated reading time\" \/>\n\t<meta name=\"twitter:data1\" content=\"2 minutes\" \/>\n<script type=\"application\/ld+json\" class=\"yoast-schema-graph\">{\"@context\":\"https:\\\/\\\/schema.org\",\"@graph\":[{\"@type\":[\"WebPage\",\"AboutPage\"],\"@id\":\"https:\\\/\\\/metais-immobilier.com\\\/le-cabinet\\\/\",\"url\":\"https:\\\/\\\/metais-immobilier.com\\\/le-cabinet\\\/\",\"name\":\"Agence immobili\u00e8re de prestige \u00e0 Chinon en Touraine (37)\",\"isPartOf\":{\"@id\":\"https:\\\/\\\/metais-immobilier.com\\\/#website\"},\"primaryImageOfPage\":{\"@id\":\"https:\\\/\\\/metais-immobilier.com\\\/le-cabinet\\\/#primaryimage\"},\"image\":{\"@id\":\"https:\\\/\\\/metais-immobilier.com\\\/le-cabinet\\\/#primaryimage\"},\"thumbnailUrl\":\"https:\\\/\\\/metais-immobilier.com\\\/wp-content\\\/uploads\\\/cabinet-metais-bertrand.jpg\",\"datePublished\":\"2024-01-02T10:50:03+00:00\",\"dateModified\":\"2024-05-20T09:02:11+00:00\",\"description\":\"Sp\u00e9cialiste de l'immobilier de caract\u00e8re dans le Val de Loire. Transactions, conseil et \u00e9thique au service de votre s\u00e9curit\u00e9 et de vos projets immobiliers.\",\"inLanguage\":\"en-GB\",\"potentialAction\":[{\"@type\":\"ReadAction\",\"target\":[\"https:\\\/\\\/metais-immobilier.com\\\/le-cabinet\\\/\"]}]},{\"@type\":\"ImageObject\",\"inLanguage\":\"en-GB\",\"@id\":\"https:\\\/\\\/metais-immobilier.com\\\/le-cabinet\\\/#primaryimage\",\"url\":\"https:\\\/\\\/metais-immobilier.com\\\/wp-content\\\/uploads\\\/cabinet-metais-bertrand.jpg\",\"contentUrl\":\"https:\\\/\\\/metais-immobilier.com\\\/wp-content\\\/uploads\\\/cabinet-metais-bertrand.jpg\",\"width\":768,\"height\":1153,\"caption\":\"Cabinet M\u00c9TAIS-BERTRAND\"},{\"@type\":\"WebSite\",\"@id\":\"https:\\\/\\\/metais-immobilier.com\\\/#website\",\"url\":\"https:\\\/\\\/metais-immobilier.com\\\/\",\"name\":\"Cabinet M\u00c9TAIS-BERTRAND\",\"description\":\"Agence immobili\u00e8re sp\u00e9cialis\u00e9e dans la vente de Ch\u00e2teaux, Propri\u00e9t\u00e9s, Maisons de Caract\u00e8re, Moulins, Vignobles et For\u00eats en Val de Loire\",\"publisher\":{\"@id\":\"https:\\\/\\\/metais-immobilier.com\\\/#organization\"},\"potentialAction\":[{\"@type\":\"SearchAction\",\"target\":{\"@type\":\"EntryPoint\",\"urlTemplate\":\"https:\\\/\\\/metais-immobilier.com\\\/?s={search_term_string}\"},\"query-input\":{\"@type\":\"PropertyValueSpecification\",\"valueRequired\":true,\"valueName\":\"search_term_string\"}}],\"inLanguage\":\"en-GB\"},{\"@type\":\"Organization\",\"@id\":\"https:\\\/\\\/metais-immobilier.com\\\/#organization\",\"name\":\"Cabinet M\u00c9TAIS-BERTRAND\",\"url\":\"https:\\\/\\\/metais-immobilier.com\\\/\",\"logo\":{\"@type\":\"ImageObject\",\"inLanguage\":\"en-GB\",\"@id\":\"https:\\\/\\\/metais-immobilier.com\\\/#\\\/schema\\\/logo\\\/image\\\/\",\"url\":\"https:\\\/\\\/metais-immobilier.com\\\/wp-content\\\/uploads\\\/logo-cabinet-Metais-Bertrand.svg\",\"contentUrl\":\"https:\\\/\\\/metais-immobilier.com\\\/wp-content\\\/uploads\\\/logo-cabinet-Metais-Bertrand.svg\",\"width\":678,\"height\":171,\"caption\":\"Cabinet M\u00c9TAIS-BERTRAND\"},\"image\":{\"@id\":\"https:\\\/\\\/metais-immobilier.com\\\/#\\\/schema\\\/logo\\\/image\\\/\"}}]}<\/script>\n<!-- \/ Yoast SEO plugin. -->","yoast_head_json":{"title":"Agence immobili\u00e8re de prestige \u00e0 Chinon en Touraine (37)","description":"Sp\u00e9cialiste de l'immobilier de caract\u00e8re dans le Val de Loire. Transactions, conseil et \u00e9thique au service de votre s\u00e9curit\u00e9 et de vos projets immobiliers.","robots":{"index":"index","follow":"follow","max-snippet":"max-snippet:-1","max-image-preview":"max-image-preview:large","max-video-preview":"max-video-preview:-1"},"canonical":"https:\/\/metais-immobilier.com\/en\/le-cabinet\/","og_locale":"en_GB","og_type":"article","og_title":"Agence immobili\u00e8re de prestige \u00e0 Chinon en Touraine (37)","og_description":"Sp\u00e9cialiste de l'immobilier de caract\u00e8re dans le Val de Loire. Transactions, conseil et \u00e9thique au service de votre s\u00e9curit\u00e9 et de vos projets immobiliers.","og_url":"https:\/\/metais-immobilier.com\/en\/le-cabinet\/","og_site_name":"Cabinet M\u00c9TAIS-BERTRAND","article_modified_time":"2024-05-20T09:02:11+00:00","og_image":[{"width":768,"height":1153,"url":"https:\/\/metais-immobilier.com\/wp-content\/uploads\/cabinet-metais-bertrand.jpg","type":"image\/jpeg"}],"twitter_card":"summary_large_image","twitter_misc":{"Estimated reading time":"2 minutes"},"schema":{"@context":"https:\/\/schema.org","@graph":[{"@type":["WebPage","AboutPage"],"@id":"https:\/\/metais-immobilier.com\/le-cabinet\/","url":"https:\/\/metais-immobilier.com\/le-cabinet\/","name":"Agence immobili\u00e8re de prestige \u00e0 Chinon en Touraine (37)","isPartOf":{"@id":"https:\/\/metais-immobilier.com\/#website"},"primaryImageOfPage":{"@id":"https:\/\/metais-immobilier.com\/le-cabinet\/#primaryimage"},"image":{"@id":"https:\/\/metais-immobilier.com\/le-cabinet\/#primaryimage"},"thumbnailUrl":"https:\/\/metais-immobilier.com\/wp-content\/uploads\/cabinet-metais-bertrand.jpg","datePublished":"2024-01-02T10:50:03+00:00","dateModified":"2024-05-20T09:02:11+00:00","description":"Sp\u00e9cialiste de l'immobilier de caract\u00e8re dans le Val de Loire. Transactions, conseil et \u00e9thique au service de votre s\u00e9curit\u00e9 et de vos projets immobiliers.","inLanguage":"en-GB","potentialAction":[{"@type":"ReadAction","target":["https:\/\/metais-immobilier.com\/le-cabinet\/"]}]},{"@type":"ImageObject","inLanguage":"en-GB","@id":"https:\/\/metais-immobilier.com\/le-cabinet\/#primaryimage","url":"https:\/\/metais-immobilier.com\/wp-content\/uploads\/cabinet-metais-bertrand.jpg","contentUrl":"https:\/\/metais-immobilier.com\/wp-content\/uploads\/cabinet-metais-bertrand.jpg","width":768,"height":1153,"caption":"Cabinet M\u00c9TAIS-BERTRAND"},{"@type":"WebSite","@id":"https:\/\/metais-immobilier.com\/#website","url":"https:\/\/metais-immobilier.com\/","name":"Cabinet M\u00c9TAIS-BERTRAND","description":"Real estate agency specializing in the sale of Castles, Properties, Houses of Character, Mills, Vineyards and Forests in the Loire Valley","publisher":{"@id":"https:\/\/metais-immobilier.com\/#organization"},"potentialAction":[{"@type":"SearchAction","target":{"@type":"EntryPoint","urlTemplate":"https:\/\/metais-immobilier.com\/?s={search_term_string}"},"query-input":{"@type":"PropertyValueSpecification","valueRequired":true,"valueName":"search_term_string"}}],"inLanguage":"en-GB"},{"@type":"Organization","@id":"https:\/\/metais-immobilier.com\/#organization","name":"Cabinet M\u00c9TAIS-BERTRAND","url":"https:\/\/metais-immobilier.com\/","logo":{"@type":"ImageObject","inLanguage":"en-GB","@id":"https:\/\/metais-immobilier.com\/#\/schema\/logo\/image\/","url":"https:\/\/metais-immobilier.com\/wp-content\/uploads\/logo-cabinet-Metais-Bertrand.svg","contentUrl":"https:\/\/metais-immobilier.com\/wp-content\/uploads\/logo-cabinet-Metais-Bertrand.svg","width":678,"height":171,"caption":"Cabinet M\u00c9TAIS-BERTRAND"},"image":{"@id":"https:\/\/metais-immobilier.com\/#\/schema\/logo\/image\/"}}]}},"_links":{"self":[{"href":"https:\/\/metais-immobilier.com\/en\/wp-json\/wp\/v2\/pages\/30","targetHints":{"allow":["GET"]}}],"collection":[{"href":"https:\/\/metais-immobilier.com\/en\/wp-json\/wp\/v2\/pages"}],"about":[{"href":"https:\/\/metais-immobilier.com\/en\/wp-json\/wp\/v2\/types\/page"}],"author":[{"embeddable":true,"href":"https:\/\/metais-immobilier.com\/en\/wp-json\/wp\/v2\/users\/1"}],"replies":[{"embeddable":true,"href":"https:\/\/metais-immobilier.com\/en\/wp-json\/wp\/v2\/comments?post=30"}],"version-history":[{"count":17,"href":"https:\/\/metais-immobilier.com\/en\/wp-json\/wp\/v2\/pages\/30\/revisions"}],"predecessor-version":[{"id":700,"href":"https:\/\/metais-immobilier.com\/en\/wp-json\/wp\/v2\/pages\/30\/revisions\/700"}],"wp:featuredmedia":[{"embeddable":true,"href":"https:\/\/metais-immobilier.com\/en\/wp-json\/wp\/v2\/media\/234"}],"wp:attachment":[{"href":"https:\/\/metais-immobilier.com\/en\/wp-json\/wp\/v2\/media?parent=30"}],"curies":[{"name":"wp","href":"https:\/\/api.w.org\/{rel}","templated":true}]}}