{"id":8,"date":"2024-01-01T21:32:03","date_gmt":"2024-01-01T20:32:03","guid":{"rendered":"https:\/\/metais-immobilier.com\/?page_id=8"},"modified":"2024-03-10T11:10:14","modified_gmt":"2024-03-10T10:10:14","slug":"accueil","status":"publish","type":"page","link":"https:\/\/metais-immobilier.com\/en\/","title":{"rendered":"Accueil"},"content":{"rendered":"<!DOCTYPE html PUBLIC \"-\/\/W3C\/\/DTD HTML 4.0 Transitional\/\/EN\" \"http:\/\/www.w3.org\/TR\/REC-html40\/loose.dtd\">\n<html><head><\/head><\/html>","protected":false},"excerpt":{"rendered":"","protected":false},"author":1,"featured_media":202,"parent":0,"menu_order":0,"comment_status":"closed","ping_status":"closed","template":"","meta":{"_acf_changed":false,"footnotes":""},"class_list":["post-8","page","type-page","status-publish","has-post-thumbnail","hentry"],"acf":[],"yoast_head":"<!-- This site is optimized with the Yoast SEO plugin v27.4 - https:\/\/yoast.com\/product\/yoast-seo-wordpress\/ -->\n<title>Agence immobili\u00e8re de biens de caract\u00e8re en Val de Loire<\/title>\n<meta name=\"description\" content=\"Sp\u00e9cialiste de l&#039;immobilier de caract\u00e8re dans le Val de Loire depuis 1993. Transactions, conseil et \u00e9thique au service de votre s\u00e9curit\u00e9 et de vos projets immobiliers.\" \/>\n<meta name=\"robots\" content=\"index, follow, max-snippet:-1, max-image-preview:large, max-video-preview:-1\" \/>\n<link rel=\"canonical\" href=\"https:\/\/metais-immobilier.com\/en\/\" \/>\n<meta property=\"og:locale\" content=\"en_GB\" \/>\n<meta property=\"og:type\" content=\"article\" \/>\n<meta property=\"og:title\" content=\"Agence immobili\u00e8re de biens de caract\u00e8re en Val de Loire\" \/>\n<meta property=\"og:description\" content=\"Sp\u00e9cialiste de l&#039;immobilier de caract\u00e8re dans le Val de Loire depuis 1993. Transactions, conseil et \u00e9thique au service de votre s\u00e9curit\u00e9 et de vos projets immobiliers.\" \/>\n<meta property=\"og:url\" content=\"https:\/\/metais-immobilier.com\/en\/\" \/>\n<meta property=\"og:site_name\" content=\"Cabinet M\u00c9TAIS-BERTRAND\" \/>\n<meta property=\"article:modified_time\" content=\"2024-03-10T10:10:14+00:00\" \/>\n<meta property=\"og:image\" content=\"https:\/\/metais-immobilier.com\/wp-content\/uploads\/chambord.jpg\" \/>\n\t<meta property=\"og:image:width\" content=\"1920\" \/>\n\t<meta property=\"og:image:height\" content=\"1280\" \/>\n\t<meta property=\"og:image:type\" content=\"image\/jpeg\" \/>\n<meta name=\"twitter:card\" content=\"summary_large_image\" \/>\n<meta name=\"twitter:label1\" content=\"Estimated reading time\" \/>\n\t<meta name=\"twitter:data1\" content=\"1 minute\" \/>\n<script type=\"application\/ld+json\" class=\"yoast-schema-graph\">{\"@context\":\"https:\\\/\\\/schema.org\",\"@graph\":[{\"@type\":\"WebPage\",\"@id\":\"https:\\\/\\\/metais-immobilier.com\\\/\",\"url\":\"https:\\\/\\\/metais-immobilier.com\\\/\",\"name\":\"Agence immobili\u00e8re de biens de caract\u00e8re en Val de Loire\",\"isPartOf\":{\"@id\":\"https:\\\/\\\/metais-immobilier.com\\\/#website\"},\"primaryImageOfPage\":{\"@id\":\"https:\\\/\\\/metais-immobilier.com\\\/#primaryimage\"},\"image\":{\"@id\":\"https:\\\/\\\/metais-immobilier.com\\\/#primaryimage\"},\"thumbnailUrl\":\"https:\\\/\\\/metais-immobilier.com\\\/wp-content\\\/uploads\\\/chambord.jpg\",\"datePublished\":\"2024-01-01T20:32:03+00:00\",\"dateModified\":\"2024-03-10T10:10:14+00:00\",\"description\":\"Sp\u00e9cialiste de l'immobilier de caract\u00e8re dans le Val de Loire depuis 1993. Transactions, conseil et \u00e9thique au service de votre s\u00e9curit\u00e9 et de vos projets immobiliers.\",\"inLanguage\":\"en-GB\",\"potentialAction\":[{\"@type\":\"ReadAction\",\"target\":[\"https:\\\/\\\/metais-immobilier.com\\\/\"]}]},{\"@type\":\"ImageObject\",\"inLanguage\":\"en-GB\",\"@id\":\"https:\\\/\\\/metais-immobilier.com\\\/#primaryimage\",\"url\":\"https:\\\/\\\/metais-immobilier.com\\\/wp-content\\\/uploads\\\/chambord.jpg\",\"contentUrl\":\"https:\\\/\\\/metais-immobilier.com\\\/wp-content\\\/uploads\\\/chambord.jpg\",\"width\":1920,\"height\":1280,\"caption\":\"Chambord\"},{\"@type\":\"WebSite\",\"@id\":\"https:\\\/\\\/metais-immobilier.com\\\/#website\",\"url\":\"https:\\\/\\\/metais-immobilier.com\\\/\",\"name\":\"Cabinet M\u00c9TAIS-BERTRAND\",\"description\":\"Agence immobili\u00e8re sp\u00e9cialis\u00e9e dans la vente de Ch\u00e2teaux, Propri\u00e9t\u00e9s, Maisons de Caract\u00e8re, Moulins, Vignobles et For\u00eats en Val de Loire\",\"publisher\":{\"@id\":\"https:\\\/\\\/metais-immobilier.com\\\/#organization\"},\"potentialAction\":[{\"@type\":\"SearchAction\",\"target\":{\"@type\":\"EntryPoint\",\"urlTemplate\":\"https:\\\/\\\/metais-immobilier.com\\\/?s={search_term_string}\"},\"query-input\":{\"@type\":\"PropertyValueSpecification\",\"valueRequired\":true,\"valueName\":\"search_term_string\"}}],\"inLanguage\":\"en-GB\"},{\"@type\":\"Organization\",\"@id\":\"https:\\\/\\\/metais-immobilier.com\\\/#organization\",\"name\":\"Cabinet M\u00c9TAIS-BERTRAND\",\"url\":\"https:\\\/\\\/metais-immobilier.com\\\/\",\"logo\":{\"@type\":\"ImageObject\",\"inLanguage\":\"en-GB\",\"@id\":\"https:\\\/\\\/metais-immobilier.com\\\/#\\\/schema\\\/logo\\\/image\\\/\",\"url\":\"https:\\\/\\\/metais-immobilier.com\\\/wp-content\\\/uploads\\\/logo-cabinet-Metais-Bertrand.svg\",\"contentUrl\":\"https:\\\/\\\/metais-immobilier.com\\\/wp-content\\\/uploads\\\/logo-cabinet-Metais-Bertrand.svg\",\"width\":678,\"height\":171,\"caption\":\"Cabinet M\u00c9TAIS-BERTRAND\"},\"image\":{\"@id\":\"https:\\\/\\\/metais-immobilier.com\\\/#\\\/schema\\\/logo\\\/image\\\/\"}}]}<\/script>\n<!-- \/ Yoast SEO plugin. -->","yoast_head_json":{"title":"Agence immobili\u00e8re de biens de caract\u00e8re en Val de Loire","description":"Sp\u00e9cialiste de l'immobilier de caract\u00e8re dans le Val de Loire depuis 1993. Transactions, conseil et \u00e9thique au service de votre s\u00e9curit\u00e9 et de vos projets immobiliers.","robots":{"index":"index","follow":"follow","max-snippet":"max-snippet:-1","max-image-preview":"max-image-preview:large","max-video-preview":"max-video-preview:-1"},"canonical":"https:\/\/metais-immobilier.com\/en\/","og_locale":"en_GB","og_type":"article","og_title":"Agence immobili\u00e8re de biens de caract\u00e8re en Val de Loire","og_description":"Sp\u00e9cialiste de l'immobilier de caract\u00e8re dans le Val de Loire depuis 1993. Transactions, conseil et \u00e9thique au service de votre s\u00e9curit\u00e9 et de vos projets immobiliers.","og_url":"https:\/\/metais-immobilier.com\/en\/","og_site_name":"Cabinet M\u00c9TAIS-BERTRAND","article_modified_time":"2024-03-10T10:10:14+00:00","og_image":[{"width":1920,"height":1280,"url":"https:\/\/metais-immobilier.com\/wp-content\/uploads\/chambord.jpg","type":"image\/jpeg"}],"twitter_card":"summary_large_image","twitter_misc":{"Estimated reading time":"1 minute"},"schema":{"@context":"https:\/\/schema.org","@graph":[{"@type":"WebPage","@id":"https:\/\/metais-immobilier.com\/","url":"https:\/\/metais-immobilier.com\/","name":"Agence immobili\u00e8re de biens de caract\u00e8re en Val de Loire","isPartOf":{"@id":"https:\/\/metais-immobilier.com\/#website"},"primaryImageOfPage":{"@id":"https:\/\/metais-immobilier.com\/#primaryimage"},"image":{"@id":"https:\/\/metais-immobilier.com\/#primaryimage"},"thumbnailUrl":"https:\/\/metais-immobilier.com\/wp-content\/uploads\/chambord.jpg","datePublished":"2024-01-01T20:32:03+00:00","dateModified":"2024-03-10T10:10:14+00:00","description":"Sp\u00e9cialiste de l'immobilier de caract\u00e8re dans le Val de Loire depuis 1993. Transactions, conseil et \u00e9thique au service de votre s\u00e9curit\u00e9 et de vos projets immobiliers.","inLanguage":"en-GB","potentialAction":[{"@type":"ReadAction","target":["https:\/\/metais-immobilier.com\/"]}]},{"@type":"ImageObject","inLanguage":"en-GB","@id":"https:\/\/metais-immobilier.com\/#primaryimage","url":"https:\/\/metais-immobilier.com\/wp-content\/uploads\/chambord.jpg","contentUrl":"https:\/\/metais-immobilier.com\/wp-content\/uploads\/chambord.jpg","width":1920,"height":1280,"caption":"Chambord"},{"@type":"WebSite","@id":"https:\/\/metais-immobilier.com\/#website","url":"https:\/\/metais-immobilier.com\/","name":"Cabinet M\u00c9TAIS-BERTRAND","description":"Real estate agency specializing in the sale of Castles, Properties, Houses of Character, Mills, Vineyards and Forests in the Loire Valley","publisher":{"@id":"https:\/\/metais-immobilier.com\/#organization"},"potentialAction":[{"@type":"SearchAction","target":{"@type":"EntryPoint","urlTemplate":"https:\/\/metais-immobilier.com\/?s={search_term_string}"},"query-input":{"@type":"PropertyValueSpecification","valueRequired":true,"valueName":"search_term_string"}}],"inLanguage":"en-GB"},{"@type":"Organization","@id":"https:\/\/metais-immobilier.com\/#organization","name":"Cabinet M\u00c9TAIS-BERTRAND","url":"https:\/\/metais-immobilier.com\/","logo":{"@type":"ImageObject","inLanguage":"en-GB","@id":"https:\/\/metais-immobilier.com\/#\/schema\/logo\/image\/","url":"https:\/\/metais-immobilier.com\/wp-content\/uploads\/logo-cabinet-Metais-Bertrand.svg","contentUrl":"https:\/\/metais-immobilier.com\/wp-content\/uploads\/logo-cabinet-Metais-Bertrand.svg","width":678,"height":171,"caption":"Cabinet M\u00c9TAIS-BERTRAND"},"image":{"@id":"https:\/\/metais-immobilier.com\/#\/schema\/logo\/image\/"}}]}},"_links":{"self":[{"href":"https:\/\/metais-immobilier.com\/en\/wp-json\/wp\/v2\/pages\/8","targetHints":{"allow":["GET"]}}],"collection":[{"href":"https:\/\/metais-immobilier.com\/en\/wp-json\/wp\/v2\/pages"}],"about":[{"href":"https:\/\/metais-immobilier.com\/en\/wp-json\/wp\/v2\/types\/page"}],"author":[{"embeddable":true,"href":"https:\/\/metais-immobilier.com\/en\/wp-json\/wp\/v2\/users\/1"}],"replies":[{"embeddable":true,"href":"https:\/\/metais-immobilier.com\/en\/wp-json\/wp\/v2\/comments?post=8"}],"version-history":[{"count":8,"href":"https:\/\/metais-immobilier.com\/en\/wp-json\/wp\/v2\/pages\/8\/revisions"}],"predecessor-version":[{"id":325,"href":"https:\/\/metais-immobilier.com\/en\/wp-json\/wp\/v2\/pages\/8\/revisions\/325"}],"wp:featuredmedia":[{"embeddable":true,"href":"https:\/\/metais-immobilier.com\/en\/wp-json\/wp\/v2\/media\/202"}],"wp:attachment":[{"href":"https:\/\/metais-immobilier.com\/en\/wp-json\/wp\/v2\/media?parent=8"}],"curies":[{"name":"wp","href":"https:\/\/api.w.org\/{rel}","templated":true}]}}